{"id":723,"date":"2023-04-20T16:25:34","date_gmt":"2023-04-20T16:25:34","guid":{"rendered":"https:\/\/ascodes.com\/?page_id=723"},"modified":"2025-05-16T10:27:43","modified_gmt":"2025-05-16T15:27:43","slug":"nosotros","status":"publish","type":"page","link":"https:\/\/ascodes.com\/?page_id=723","title":{"rendered":"Nosotros"},"content":{"rendered":"\t\t<div data-elementor-type=\"wp-page\" data-elementor-id=\"723\" class=\"elementor elementor-723\" data-elementor-post-type=\"page\">\n\t\t\t\t\t\t<section data-particle_enable=\"false\" data-particle-mobile-disabled=\"false\" class=\"elementor-section elementor-top-section elementor-element elementor-element-9400b6d elementor-section-boxed elementor-section-height-default elementor-section-height-default\" data-id=\"9400b6d\" data-element_type=\"section\" data-settings=\"{&quot;background_background&quot;:&quot;classic&quot;}\">\n\t\t\t\t\t\t<div class=\"elementor-container elementor-column-gap-default\">\n\t\t\t\t\t<div class=\"elementor-column elementor-col-100 elementor-top-column elementor-element elementor-element-c1b8574\" data-id=\"c1b8574\" data-element_type=\"column\">\n\t\t\t<div class=\"elementor-widget-wrap elementor-element-populated\">\n\t\t\t\t\t\t<div class=\"elementor-element elementor-element-177d768 elementor-widget elementor-widget-heading\" data-id=\"177d768\" data-element_type=\"widget\" data-widget_type=\"heading.default\">\n\t\t\t\t<div class=\"elementor-widget-container\">\n\t\t\t\t\t<h2 class=\"elementor-heading-title elementor-size-default\">sobre <span class=\"verde\">nosotros <\/span><\/h2>\t\t\t\t<\/div>\n\t\t\t\t<\/div>\n\t\t\t\t\t<\/div>\n\t\t<\/div>\n\t\t\t\t\t<\/div>\n\t\t<\/section>\n\t\t\t\t<section data-particle_enable=\"false\" data-particle-mobile-disabled=\"false\" class=\"elementor-section elementor-top-section elementor-element elementor-element-994ef94 elementor-section-boxed elementor-section-height-default elementor-section-height-default\" data-id=\"994ef94\" data-element_type=\"section\">\n\t\t\t\t\t\t<div class=\"elementor-container elementor-column-gap-default\">\n\t\t\t\t\t<div class=\"elementor-column elementor-col-50 elementor-top-column elementor-element elementor-element-9bb9b2f\" data-id=\"9bb9b2f\" data-element_type=\"column\">\n\t\t\t<div class=\"elementor-widget-wrap elementor-element-populated\">\n\t\t\t\t\t\t<div class=\"elementor-element elementor-element-67cfc92 elementor-widget elementor-widget-heading\" data-id=\"67cfc92\" data-element_type=\"widget\" data-widget_type=\"heading.default\">\n\t\t\t\t<div class=\"elementor-widget-container\">\n\t\t\t\t\t<h4 class=\"elementor-heading-title elementor-size-default\">Nosotros<\/h4>\t\t\t\t<\/div>\n\t\t\t\t<\/div>\n\t\t\t\t<div class=\"elementor-element elementor-element-a8e318c elementor-widget elementor-widget-heading\" data-id=\"a8e318c\" data-element_type=\"widget\" data-widget_type=\"heading.default\">\n\t\t\t\t<div class=\"elementor-widget-container\">\n\t\t\t\t\t<h2 class=\"elementor-heading-title elementor-size-default\">nuestra<\/h2>\t\t\t\t<\/div>\n\t\t\t\t<\/div>\n\t\t\t\t<div class=\"elementor-element elementor-element-0205b0c elementor-widget elementor-widget-heading\" data-id=\"0205b0c\" data-element_type=\"widget\" data-widget_type=\"heading.default\">\n\t\t\t\t<div class=\"elementor-widget-container\">\n\t\t\t\t\t<h2 class=\"elementor-heading-title elementor-size-default\">raz\u00f3n de ser<\/h2>\t\t\t\t<\/div>\n\t\t\t\t<\/div>\n\t\t\t\t<div class=\"elementor-element elementor-element-a80a386 elementor-widget elementor-widget-text-editor\" data-id=\"a80a386\" data-element_type=\"widget\" data-widget_type=\"text-editor.default\">\n\t\t\t\t<div class=\"elementor-widget-container\">\n\t\t\t\t\t\t\t\t\tEn ASCODES acompa\u00f1amos personas y organizaciones a lograr sus prop\u00f3sitos, gestionando proyectos con amor, respeto y dedicaci\u00f3n por los seres humanos.\n\nNuestro trabajo con las empresas y las comunidades est\u00e1 centrado en el ser humano y se fundamenta en los valores corporativos de amor, honestidad, pluralidad, respeto, responsabilidad y servicio.\t\t\t\t\t\t\t\t<\/div>\n\t\t\t\t<\/div>\n\t\t\t\t\t<\/div>\n\t\t<\/div>\n\t\t\t\t<div class=\"elementor-column elementor-col-50 elementor-top-column elementor-element elementor-element-3028a1b\" data-id=\"3028a1b\" data-element_type=\"column\">\n\t\t\t<div class=\"elementor-widget-wrap elementor-element-populated\">\n\t\t\t\t\t\t<div class=\"elementor-element elementor-element-dae47b9 elementor-widget elementor-widget-image\" data-id=\"dae47b9\" data-element_type=\"widget\" data-widget_type=\"image.default\">\n\t\t\t\t<div class=\"elementor-widget-container\">\n\t\t\t\t\t\t\t\t\t\t\t\t\t\t\t<img fetchpriority=\"high\" decoding=\"async\" width=\"600\" height=\"591\" src=\"https:\/\/ascodes.com\/wp-content\/uploads\/2022\/06\/Rectangle-13-1.jpg\" class=\"attachment-large size-large wp-image-295\" alt=\"\" srcset=\"https:\/\/ascodes.com\/wp-content\/uploads\/2022\/06\/Rectangle-13-1.jpg 600w, https:\/\/ascodes.com\/wp-content\/uploads\/2022\/06\/Rectangle-13-1-300x296.jpg 300w, https:\/\/ascodes.com\/wp-content\/uploads\/2022\/06\/Rectangle-13-1-80x80.jpg 80w, https:\/\/ascodes.com\/wp-content\/uploads\/2022\/06\/Rectangle-13-1-70x70.jpg 70w, https:\/\/ascodes.com\/wp-content\/uploads\/2022\/06\/Rectangle-13-1-100x100.jpg 100w, https:\/\/ascodes.com\/wp-content\/uploads\/2022\/06\/Rectangle-13-1-75x75.jpg 75w\" sizes=\"(max-width: 600px) 100vw, 600px\" \/>\t\t\t\t\t\t\t\t\t\t\t\t\t\t\t<\/div>\n\t\t\t\t<\/div>\n\t\t\t\t<section data-particle_enable=\"false\" data-particle-mobile-disabled=\"false\" class=\"elementor-section elementor-inner-section elementor-element elementor-element-8712337 elementor-section-boxed elementor-section-height-default elementor-section-height-default\" data-id=\"8712337\" data-element_type=\"section\">\n\t\t\t\t\t\t<div class=\"elementor-container elementor-column-gap-default\">\n\t\t\t\t\t<div class=\"elementor-column elementor-col-50 elementor-inner-column elementor-element elementor-element-c19b8cd\" data-id=\"c19b8cd\" data-element_type=\"column\">\n\t\t\t<div class=\"elementor-widget-wrap\">\n\t\t\t\t\t\t\t<\/div>\n\t\t<\/div>\n\t\t\t\t<div class=\"elementor-column elementor-col-50 elementor-inner-column elementor-element elementor-element-954ff38\" data-id=\"954ff38\" data-element_type=\"column\">\n\t\t\t<div class=\"elementor-widget-wrap\">\n\t\t\t\t\t\t\t<\/div>\n\t\t<\/div>\n\t\t\t\t\t<\/div>\n\t\t<\/section>\n\t\t\t\t<section data-particle_enable=\"false\" data-particle-mobile-disabled=\"false\" class=\"elementor-section elementor-inner-section elementor-element elementor-element-8f9d552 elementor-section-boxed elementor-section-height-default elementor-section-height-default\" data-id=\"8f9d552\" data-element_type=\"section\">\n\t\t\t\t\t\t<div class=\"elementor-container elementor-column-gap-default\">\n\t\t\t\t\t<div class=\"elementor-column elementor-col-50 elementor-inner-column elementor-element elementor-element-14e5a7e\" data-id=\"14e5a7e\" data-element_type=\"column\">\n\t\t\t<div class=\"elementor-widget-wrap\">\n\t\t\t\t\t\t\t<\/div>\n\t\t<\/div>\n\t\t\t\t<div class=\"elementor-column elementor-col-50 elementor-inner-column elementor-element elementor-element-83ad903\" data-id=\"83ad903\" data-element_type=\"column\" data-settings=\"{&quot;background_background&quot;:&quot;classic&quot;}\">\n\t\t\t<div class=\"elementor-widget-wrap elementor-element-populated\">\n\t\t\t\t\t\t<div class=\"elementor-element elementor-element-c472bea elementor-widget elementor-widget-image\" data-id=\"c472bea\" data-element_type=\"widget\" data-widget_type=\"image.default\">\n\t\t\t\t<div class=\"elementor-widget-container\">\n\t\t\t\t\t\t\t\t\t\t\t\t\t\t\t<img decoding=\"async\" width=\"23\" height=\"8\" src=\"https:\/\/ascodes.com\/wp-content\/uploads\/2022\/06\/Group-22.svg\" class=\"attachment-large size-large wp-image-71\" alt=\"\" \/>\t\t\t\t\t\t\t\t\t\t\t\t\t\t\t<\/div>\n\t\t\t\t<\/div>\n\t\t\t\t<div class=\"elementor-element elementor-element-ffe9e57 elementor-widget elementor-widget-image\" data-id=\"ffe9e57\" data-element_type=\"widget\" data-widget_type=\"image.default\">\n\t\t\t\t<div class=\"elementor-widget-container\">\n\t\t\t\t\t\t\t\t\t\t\t\t\t\t\t<img decoding=\"async\" width=\"29\" height=\"29\" src=\"https:\/\/ascodes.com\/wp-content\/uploads\/2022\/06\/hospital-1.svg\" class=\"attachment-full size-full wp-image-70\" alt=\"\" \/>\t\t\t\t\t\t\t\t\t\t\t\t\t\t\t<\/div>\n\t\t\t\t<\/div>\n\t\t\t\t<div class=\"elementor-element elementor-element-9016d95 elementor-widget elementor-widget-counter\" data-id=\"9016d95\" data-element_type=\"widget\" data-widget_type=\"counter.default\">\n\t\t\t\t<div class=\"elementor-widget-container\">\n\t\t\t\t\t\t\t<div class=\"elementor-counter\">\n\t\t\t<div class=\"elementor-counter-title\">A\u00f1os de experiencia<\/div>\t\t\t<div class=\"elementor-counter-number-wrapper\">\n\t\t\t\t<span class=\"elementor-counter-number-prefix\"><\/span>\n\t\t\t\t<span class=\"elementor-counter-number\" data-duration=\"2000\" data-to-value=\"30\" data-from-value=\"0\" data-delimiter=\",\">0<\/span>\n\t\t\t\t<span class=\"elementor-counter-number-suffix\">+<\/span>\n\t\t\t<\/div>\n\t\t<\/div>\n\t\t\t\t\t\t<\/div>\n\t\t\t\t<\/div>\n\t\t\t\t\t<\/div>\n\t\t<\/div>\n\t\t\t\t\t<\/div>\n\t\t<\/section>\n\t\t\t\t\t<\/div>\n\t\t<\/div>\n\t\t\t\t\t<\/div>\n\t\t<\/section>\n\t\t\t\t<section data-particle_enable=\"false\" data-particle-mobile-disabled=\"false\" class=\"elementor-section elementor-top-section elementor-element elementor-element-81b0220 elementor-section-boxed elementor-section-height-default elementor-section-height-default\" data-id=\"81b0220\" data-element_type=\"section\" data-settings=\"{&quot;background_background&quot;:&quot;classic&quot;}\">\n\t\t\t\t\t\t<div class=\"elementor-container elementor-column-gap-default\">\n\t\t\t\t\t<div class=\"elementor-column elementor-col-100 elementor-top-column elementor-element elementor-element-463f771\" data-id=\"463f771\" data-element_type=\"column\">\n\t\t\t<div class=\"elementor-widget-wrap elementor-element-populated\">\n\t\t\t\t\t\t<div class=\"elementor-element elementor-element-1b1f33b elementor-widget elementor-widget-heading\" data-id=\"1b1f33b\" data-element_type=\"widget\" data-widget_type=\"heading.default\">\n\t\t\t\t<div class=\"elementor-widget-container\">\n\t\t\t\t\t<h2 class=\"elementor-heading-title elementor-size-default\">\u00a1juntos hacemos <span class=\"verde\">que suceda! <\/span><\/h2>\t\t\t\t<\/div>\n\t\t\t\t<\/div>\n\t\t\t\t<div class=\"elementor-element elementor-element-dbf20b0 elementor-widget elementor-widget-text-editor\" data-id=\"dbf20b0\" data-element_type=\"widget\" data-widget_type=\"text-editor.default\">\n\t\t\t\t<div class=\"elementor-widget-container\">\n\t\t\t\t\t\t\t\t\t<p>Basados en la confianza y la credibilidad, entregamos a nuestros p\u00fablicos las herramientas y los medios necesarios para que desarrollen sus proyectos y consigan las metas propuestas, respondiendo a la pregunta \u00bfC\u00f3mo lo puedo hacer bien de una manera humana, que contribuya al bienestar de la comunidad y que sea rentable para las partes que intervienen en el proceso?. Al responder esta pregunta, los p\u00fablicos podr\u00e1n identificarnos como un aliado que les producir\u00e1 empat\u00eda, respaldo y confianza.<\/p>\t\t\t\t\t\t\t\t<\/div>\n\t\t\t\t<\/div>\n\t\t\t\t\t<\/div>\n\t\t<\/div>\n\t\t\t\t\t<\/div>\n\t\t<\/section>\n\t\t\t\t<section data-particle_enable=\"false\" data-particle-mobile-disabled=\"false\" class=\"elementor-section elementor-top-section elementor-element elementor-element-0c63d87 elementor-section-boxed elementor-section-height-default elementor-section-height-default\" data-id=\"0c63d87\" data-element_type=\"section\">\n\t\t\t\t\t\t<div class=\"elementor-container elementor-column-gap-default\">\n\t\t\t\t\t<div class=\"elementor-column elementor-col-100 elementor-top-column elementor-element elementor-element-2115ca3\" data-id=\"2115ca3\" data-element_type=\"column\">\n\t\t\t<div class=\"elementor-widget-wrap elementor-element-populated\">\n\t\t\t\t\t\t<div class=\"elementor-element elementor-element-67b618b elementor-widget elementor-widget-heading\" data-id=\"67b618b\" data-element_type=\"widget\" data-widget_type=\"heading.default\">\n\t\t\t\t<div class=\"elementor-widget-container\">\n\t\t\t\t\t<h4 class=\"elementor-heading-title elementor-size-default\">TE CONTAMOS UN POCO DE<\/h4>\t\t\t\t<\/div>\n\t\t\t\t<\/div>\n\t\t\t\t<div class=\"elementor-element elementor-element-225b9e6 elementor-widget elementor-widget-heading\" data-id=\"225b9e6\" data-element_type=\"widget\" data-widget_type=\"heading.default\">\n\t\t\t\t<div class=\"elementor-widget-container\">\n\t\t\t\t\t<h2 class=\"elementor-heading-title elementor-size-default\">nuestra <span class=\"verde\"> trayectoria <\/span><\/h2>\t\t\t\t<\/div>\n\t\t\t\t<\/div>\n\t\t\t\t<div class=\"elementor-element elementor-element-8f2893a elementor-widget elementor-widget-eael-content-timeline\" data-id=\"8f2893a\" data-element_type=\"widget\" data-widget_type=\"eael-content-timeline.default\">\n\t\t\t\t<div class=\"elementor-widget-container\">\n\t\t\t\t\t\t\t<div id=\"eael-content-timeline-8f2893a\" class=\"content-timeline-layout-center date-position- horizontal-timeline-wrapper\" data-slide_to_scroll=\"{&quot;desktop&quot;:1,&quot;mobile&quot;:1,&quot;tablet&quot;:1}\">\n\t\t\t<div class=\"eael-content-timeline-container\">\n\t\t\t\t<div class=\"eael-content-timeline-container\">\n\t\t\t\t\t\t\t\t\t\t\t\t\t\t\t\t\t\t\t\t\t\t\t<div class=\"eael-content-timeline-block\">\n    <div class=\"eael-content-timeline-line\">\n        <div class=\"eael-content-timeline-inner\"><\/div>\n    <\/div>\n    <div class=\"eael-content-timeline-img eael-picture \"><i class=\"fas fa-heart\"><\/i><\/div><div class=\"eael-content-timeline-content\"><h2 class=\"eael-timeline-title\"> Fundaci\u00f3n de ASCODES<\/h2>Por escritura p\u00fablica del 18 de abril, de la notar\u00eda 12, inscrita en la C\u00e1mara de Comercio de Medell\u00edn el d\u00eda 20 de abril de 1995, nace ASCODES Ltda.<span class=\"eael-date\">Abril de 1995<\/span><\/div><\/div>\t\t\t\t\t\t\t\t\t\t\t\t\t\t\t\t\t\t<div class=\"eael-content-timeline-block\">\n    <div class=\"eael-content-timeline-line\">\n        <div class=\"eael-content-timeline-inner\"><\/div>\n    <\/div>\n    <div class=\"eael-content-timeline-img eael-picture \"><i class=\"fas fa-suitcase\"><\/i><\/div><div class=\"eael-content-timeline-content\"><h2 class=\"eael-timeline-title\"><a href=\"#\">Primer Trabajo<\/a><\/h2>Entre los meses de junio y octubre de 1995 elaboramos el \u201cdiagn\u00f3stico de salud de los municipios del \u00e1rea de influencia del oleoducto central (Cusiana \u2013 Cove\u00f1as)\u201d, para el Oleoducto central S.A (OCENSA)<span class=\"eael-date\">Junio - Octubre de 1995<\/span><\/div><\/div>\t\t\t\t\t\t\t\t\t\t\t\t\t\t\t\t\t\t<div class=\"eael-content-timeline-block\">\n    <div class=\"eael-content-timeline-line\">\n        <div class=\"eael-content-timeline-inner\"><\/div>\n    <\/div>\n    <div class=\"eael-content-timeline-img eael-picture \"><i class=\"fas fa-route\"><\/i><\/div><div class=\"eael-content-timeline-content\"><h2 class=\"eael-timeline-title\"><a href=\"#\">Trabajo en Urab\u00e1<\/a><\/h2>ASCODES incursion\u00f3 en la regi\u00f3n de Urab\u00e1 logrando tener sedes en 5 municipios del eje bananero (Chigorod\u00f3, Carepa, Apartad\u00f3, Turbo y Necocl\u00ed), experiencia inolvidable<span class=\"eael-date\">1998 \u2013 2005<\/span><\/div><\/div>\t\t\t\t\t\t\t\t\t\t\t\t\t\t\t\t\t\t<div class=\"eael-content-timeline-block\">\n    <div class=\"eael-content-timeline-line\">\n        <div class=\"eael-content-timeline-inner\"><\/div>\n    <\/div>\n    <div class=\"eael-content-timeline-img eael-picture \"><i class=\"fas fa-user-md\"><\/i><\/div><div class=\"eael-content-timeline-content\"><h2 class=\"eael-timeline-title\"><a href=\"#\">Conversi\u00f3n a SAS <\/a><\/h2>Mediante junta de socios de esta fecha la empresa pasa de Limitada a Sociedad por acciones simplificadas SAS<span class=\"eael-date\">11 de abril de 2012<\/span><\/div><\/div>\t\t\t\t\t\t\t\t\t\t\t\t\t\t\t\t\t\t<div class=\"eael-content-timeline-block\">\n    <div class=\"eael-content-timeline-line\">\n        <div class=\"eael-content-timeline-inner\"><\/div>\n    <\/div>\n    <div class=\"eael-content-timeline-img eael-picture \"><i class=\"fas fa-birthday-cake\"><\/i><\/div><div class=\"eael-content-timeline-content\"><h2 class=\"eael-timeline-title\"><a href=\"#\"> Aniversario 20<\/a><\/h2>Al cumplir 20 a\u00f1os de actividades la empresa recibe la Orden al M\u00e9rito C\u00edvico y Empresarial Mariscal Jorge Robledo, Grado Bronce, de la Asamblea Departamental de Antioquia y resoluci\u00f3n de reconocimiento del Concejo Municipal de Medell\u00edn.<span class=\"eael-date\">20 de abril de 2015<\/span><\/div><\/div>\t\t\t\t\t\t\t\t\t\t\t\t\t\t\t\t\t\t<div class=\"eael-content-timeline-block\">\n    <div class=\"eael-content-timeline-line\">\n        <div class=\"eael-content-timeline-inner\"><\/div>\n    <\/div>\n    <div class=\"eael-content-timeline-img eael-picture \"><i class=\"fas fa-heartbeat\"><\/i><\/div><div class=\"eael-content-timeline-content\"><h2 class=\"eael-timeline-title\"><a href=\"#\">Aniversario 25<\/a><\/h2>Con motivo de esa efem\u00e9ride recibimos la Condecoraci\u00f3n Orden de la Democracia Sim\u00f3n Bol\u00edvar en el grado Comendador, de la C\u00e1mara de Representantes de Colombia<span class=\"eael-date\">20 de abril de 2020<\/span><\/div><\/div>\t\t\t\t<\/div>\n\t\t\t<\/div>\n\t\t<\/div>\n\t\t\t\t\t<\/div>\n\t\t\t\t<\/div>\n\t\t\t\t\t<\/div>\n\t\t<\/div>\n\t\t\t\t\t<\/div>\n\t\t<\/section>\n\t\t\t\t<section data-particle_enable=\"false\" data-particle-mobile-disabled=\"false\" class=\"elementor-section elementor-top-section elementor-element elementor-element-cd69f12 elementor-section-boxed elementor-section-height-default elementor-section-height-default\" data-id=\"cd69f12\" data-element_type=\"section\">\n\t\t\t\t\t\t<div class=\"elementor-container elementor-column-gap-default\">\n\t\t\t\t\t<div class=\"elementor-column elementor-col-100 elementor-top-column elementor-element elementor-element-669d835\" data-id=\"669d835\" data-element_type=\"column\" data-settings=\"{&quot;background_background&quot;:&quot;classic&quot;}\">\n\t\t\t<div class=\"elementor-widget-wrap\">\n\t\t\t\t\t\t\t<\/div>\n\t\t<\/div>\n\t\t\t\t\t<\/div>\n\t\t<\/section>\n\t\t\t\t<\/div>\n\t\t","protected":false},"excerpt":{"rendered":"<p>sobre nosotros Nosotros nuestra raz\u00f3n de ser En ASCODES acompa\u00f1amos personas y organizaciones a lograr sus prop\u00f3sitos, gestionando proyectos con amor, respeto y dedicaci\u00f3n por los seres humanos. Nuestro trabajo con las empresas y las comunidades est\u00e1 centrado en el ser humano y se fundamenta en los valores corporativos de amor, honestidad, pluralidad, respeto, responsabilidad [&hellip;]<\/p>\n","protected":false},"author":1,"featured_media":0,"parent":0,"menu_order":0,"comment_status":"closed","ping_status":"closed","template":"","meta":{"_acf_changed":false,"footnotes":""},"class_list":["post-723","page","type-page","status-publish","hentry"],"acf":[],"_links":{"self":[{"href":"https:\/\/ascodes.com\/index.php?rest_route=\/wp\/v2\/pages\/723","targetHints":{"allow":["GET"]}}],"collection":[{"href":"https:\/\/ascodes.com\/index.php?rest_route=\/wp\/v2\/pages"}],"about":[{"href":"https:\/\/ascodes.com\/index.php?rest_route=\/wp\/v2\/types\/page"}],"author":[{"embeddable":true,"href":"https:\/\/ascodes.com\/index.php?rest_route=\/wp\/v2\/users\/1"}],"replies":[{"embeddable":true,"href":"https:\/\/ascodes.com\/index.php?rest_route=%2Fwp%2Fv2%2Fcomments&post=723"}],"version-history":[{"count":87,"href":"https:\/\/ascodes.com\/index.php?rest_route=\/wp\/v2\/pages\/723\/revisions"}],"predecessor-version":[{"id":2045,"href":"https:\/\/ascodes.com\/index.php?rest_route=\/wp\/v2\/pages\/723\/revisions\/2045"}],"wp:attachment":[{"href":"https:\/\/ascodes.com\/index.php?rest_route=%2Fwp%2Fv2%2Fmedia&parent=723"}],"curies":[{"name":"wp","href":"https:\/\/api.w.org\/{rel}","templated":true}]}}